{"id":319,"date":"2023-09-15T11:43:28","date_gmt":"2023-09-15T09:43:28","guid":{"rendered":"https:\/\/zoebourhis.com\/?page_id=319"},"modified":"2023-09-21T12:33:36","modified_gmt":"2023-09-21T10:33:36","slug":"reproductions-a3","status":"publish","type":"page","link":"https:\/\/zoebourhis.com\/index.php\/page-d-exemple\/reproductions\/reproductions-a3\/","title":{"rendered":"Reproductions au format A3"},"content":{"rendered":"\n<pre class=\"wp-block-verse\">Les illustrations ci-dessous sont reproduites en 50 exemplaires chacune sur  un papier fine art Tintoretto Gesso 300g. Elles sont au format A3  (29.7x42cm).  \nSi l'une d'entre elle vous fait de l'\u0153il n'h\u00e9sitez pas \u00e0 me contacter par mail ou Instagram ou \u00e0 rendre visite sur ma boutique Etsy :  <a href=\"https:\/\/www.etsy.com\/fr\/shop\/ZoeBourhis\">https:\/\/www.etsy.com\/fr\/shop\/ZoeBourhis<\/a><\/pre>\n\n\n\n<div style=\"height:30px\" aria-hidden=\"true\" class=\"wp-block-spacer\"><\/div>\n\n\n\n<div class=\"wp-block-columns is-layout-flex wp-container-9 wp-block-columns-is-layout-flex\">\n<div class=\"wp-block-column is-layout-flow wp-block-column-is-layout-flow\">\n<div class=\"wp-block-columns is-layout-flex wp-container-7 wp-block-columns-is-layout-flex\">\n<div class=\"wp-block-column is-layout-flow wp-block-column-is-layout-flow\">\n<figure class=\"wp-block-gallery has-nested-images columns-default is-cropped wp-block-gallery-1 is-layout-flex wp-block-gallery-is-layout-flex\">\n<figure class=\"wp-block-image size-large is-style-hover-zoom\"><img decoding=\"async\" loading=\"lazy\" width=\"731\" height=\"1024\" src=\"https:\/\/zoebourhis.com\/wp-content\/uploads\/2023\/09\/Reproduction-A3-cheers-de-face-2-731x1024.jpg\" alt=\"\" class=\"wp-image-345\" srcset=\"https:\/\/zoebourhis.com\/wp-content\/uploads\/2023\/09\/Reproduction-A3-cheers-de-face-2-731x1024.jpg 731w, https:\/\/zoebourhis.com\/wp-content\/uploads\/2023\/09\/Reproduction-A3-cheers-de-face-2-214x300.jpg 214w, https:\/\/zoebourhis.com\/wp-content\/uploads\/2023\/09\/Reproduction-A3-cheers-de-face-2-768x1076.jpg 768w, https:\/\/zoebourhis.com\/wp-content\/uploads\/2023\/09\/Reproduction-A3-cheers-de-face-2-1097x1536.jpg 1097w, https:\/\/zoebourhis.com\/wp-content\/uploads\/2023\/09\/Reproduction-A3-cheers-de-face-2-1462x2048.jpg 1462w, https:\/\/zoebourhis.com\/wp-content\/uploads\/2023\/09\/Reproduction-A3-cheers-de-face-2-scaled.jpg 1828w\" sizes=\"(max-width: 731px) 100vw, 731px\" \/><\/figure>\n<\/figure>\n<\/div>\n\n\n\n<div class=\"wp-block-column is-layout-flow wp-block-column-is-layout-flow\">\n<figure class=\"wp-block-gallery has-nested-images columns-default is-cropped wp-block-gallery-4 is-layout-flex wp-block-gallery-is-layout-flex\">\n<figure class=\"wp-block-image size-large is-style-hover-zoom\"><img decoding=\"async\" loading=\"lazy\" width=\"731\" height=\"1024\" src=\"https:\/\/zoebourhis.com\/wp-content\/uploads\/2023\/09\/Reproduction-A3-bonhommes-emboites-de-face-1-731x1024.jpg\" alt=\"\" class=\"wp-image-346\" srcset=\"https:\/\/zoebourhis.com\/wp-content\/uploads\/2023\/09\/Reproduction-A3-bonhommes-emboites-de-face-1-731x1024.jpg 731w, https:\/\/zoebourhis.com\/wp-content\/uploads\/2023\/09\/Reproduction-A3-bonhommes-emboites-de-face-1-214x300.jpg 214w, https:\/\/zoebourhis.com\/wp-content\/uploads\/2023\/09\/Reproduction-A3-bonhommes-emboites-de-face-1-768x1075.jpg 768w, https:\/\/zoebourhis.com\/wp-content\/uploads\/2023\/09\/Reproduction-A3-bonhommes-emboites-de-face-1-1097x1536.jpg 1097w, https:\/\/zoebourhis.com\/wp-content\/uploads\/2023\/09\/Reproduction-A3-bonhommes-emboites-de-face-1-1463x2048.jpg 1463w, https:\/\/zoebourhis.com\/wp-content\/uploads\/2023\/09\/Reproduction-A3-bonhommes-emboites-de-face-1-scaled.jpg 1828w\" sizes=\"(max-width: 731px) 100vw, 731px\" \/><\/figure>\n<\/figure>\n<\/div>\n<\/div>\n<\/div>\n<\/div>\n\n\n\n<div class=\"wp-block-columns is-layout-flex wp-container-16 wp-block-columns-is-layout-flex\">\n<div class=\"wp-block-column is-layout-flow wp-block-column-is-layout-flow\">\n<figure class=\"wp-block-gallery has-nested-images columns-default is-cropped wp-block-gallery-10 is-layout-flex wp-block-gallery-is-layout-flex\">\n<figure class=\"wp-block-image size-large is-style-hover-zoom\"><img decoding=\"async\" loading=\"lazy\" width=\"732\" height=\"1024\" src=\"https:\/\/zoebourhis.com\/wp-content\/uploads\/2023\/09\/Reproduction-A3-chevaliers-de-face-732x1024.jpg\" alt=\"\" class=\"wp-image-347\" srcset=\"https:\/\/zoebourhis.com\/wp-content\/uploads\/2023\/09\/Reproduction-A3-chevaliers-de-face-732x1024.jpg 732w, https:\/\/zoebourhis.com\/wp-content\/uploads\/2023\/09\/Reproduction-A3-chevaliers-de-face-214x300.jpg 214w, https:\/\/zoebourhis.com\/wp-content\/uploads\/2023\/09\/Reproduction-A3-chevaliers-de-face-768x1075.jpg 768w, https:\/\/zoebourhis.com\/wp-content\/uploads\/2023\/09\/Reproduction-A3-chevaliers-de-face-1097x1536.jpg 1097w, https:\/\/zoebourhis.com\/wp-content\/uploads\/2023\/09\/Reproduction-A3-chevaliers-de-face-1463x2048.jpg 1463w, https:\/\/zoebourhis.com\/wp-content\/uploads\/2023\/09\/Reproduction-A3-chevaliers-de-face-scaled.jpg 1829w\" sizes=\"(max-width: 732px) 100vw, 732px\" \/><\/figure>\n<\/figure>\n<\/div>\n\n\n\n<div class=\"wp-block-column is-layout-flow wp-block-column-is-layout-flow\">\n<figure class=\"wp-block-gallery has-nested-images columns-default is-cropped wp-block-gallery-13 is-layout-flex wp-block-gallery-is-layout-flex\">\n<figure class=\"wp-block-image size-large is-style-hover-zoom\"><img decoding=\"async\" loading=\"lazy\" width=\"732\" height=\"1024\" src=\"https:\/\/zoebourhis.com\/wp-content\/uploads\/2023\/09\/Reproduction-A3-bonhommes-bleus-de-face-732x1024.jpg\" alt=\"\" class=\"wp-image-348\" srcset=\"https:\/\/zoebourhis.com\/wp-content\/uploads\/2023\/09\/Reproduction-A3-bonhommes-bleus-de-face-732x1024.jpg 732w, https:\/\/zoebourhis.com\/wp-content\/uploads\/2023\/09\/Reproduction-A3-bonhommes-bleus-de-face-214x300.jpg 214w, https:\/\/zoebourhis.com\/wp-content\/uploads\/2023\/09\/Reproduction-A3-bonhommes-bleus-de-face-768x1075.jpg 768w, https:\/\/zoebourhis.com\/wp-content\/uploads\/2023\/09\/Reproduction-A3-bonhommes-bleus-de-face-1097x1536.jpg 1097w, https:\/\/zoebourhis.com\/wp-content\/uploads\/2023\/09\/Reproduction-A3-bonhommes-bleus-de-face-1463x2048.jpg 1463w, https:\/\/zoebourhis.com\/wp-content\/uploads\/2023\/09\/Reproduction-A3-bonhommes-bleus-de-face-scaled.jpg 1829w\" sizes=\"(max-width: 732px) 100vw, 732px\" \/><\/figure>\n<\/figure>\n<\/div>\n<\/div>\n\n\n\n<figure class=\"wp-block-gallery has-nested-images columns-default is-cropped wp-block-gallery-17 is-layout-flex wp-block-gallery-is-layout-flex\">\n<figure class=\"wp-block-image size-large is-style-hover-zoom\"><img decoding=\"async\" loading=\"lazy\" width=\"1024\" height=\"732\" data-id=\"349\" src=\"https:\/\/zoebourhis.com\/wp-content\/uploads\/2023\/09\/Reproduction-A3-ski-de-face-1024x732.jpg\" alt=\"\" class=\"wp-image-349\" srcset=\"https:\/\/zoebourhis.com\/wp-content\/uploads\/2023\/09\/Reproduction-A3-ski-de-face-1024x732.jpg 1024w, https:\/\/zoebourhis.com\/wp-content\/uploads\/2023\/09\/Reproduction-A3-ski-de-face-300x214.jpg 300w, https:\/\/zoebourhis.com\/wp-content\/uploads\/2023\/09\/Reproduction-A3-ski-de-face-768x549.jpg 768w, https:\/\/zoebourhis.com\/wp-content\/uploads\/2023\/09\/Reproduction-A3-ski-de-face-1536x1097.jpg 1536w, https:\/\/zoebourhis.com\/wp-content\/uploads\/2023\/09\/Reproduction-A3-ski-de-face-2048x1463.jpg 2048w\" sizes=\"(max-width: 1024px) 100vw, 1024px\" \/><\/figure>\n<\/figure>\n","protected":false},"excerpt":{"rendered":"<p>Les illustrations ci-dessous sont reproduites en 50 exemplaires chacune sur un papier fine art Tintoretto Gesso 300g. Elles sont au format A3 (29.7x42cm). Si l&#8217;une d&#8217;entre elle vous fait de l&#8217;\u0153il n&#8217;h\u00e9sitez pas \u00e0 me contacter par mail ou Instagram ou \u00e0 rendre visite sur ma boutique Etsy : https:\/\/www.etsy.com\/fr\/shop\/ZoeBourhis<\/p>\n","protected":false},"author":1,"featured_media":0,"parent":90,"menu_order":0,"comment_status":"closed","ping_status":"closed","template":"","meta":{"footnotes":""},"_links":{"self":[{"href":"https:\/\/zoebourhis.com\/index.php\/wp-json\/wp\/v2\/pages\/319"}],"collection":[{"href":"https:\/\/zoebourhis.com\/index.php\/wp-json\/wp\/v2\/pages"}],"about":[{"href":"https:\/\/zoebourhis.com\/index.php\/wp-json\/wp\/v2\/types\/page"}],"author":[{"embeddable":true,"href":"https:\/\/zoebourhis.com\/index.php\/wp-json\/wp\/v2\/users\/1"}],"replies":[{"embeddable":true,"href":"https:\/\/zoebourhis.com\/index.php\/wp-json\/wp\/v2\/comments?post=319"}],"version-history":[{"count":4,"href":"https:\/\/zoebourhis.com\/index.php\/wp-json\/wp\/v2\/pages\/319\/revisions"}],"predecessor-version":[{"id":436,"href":"https:\/\/zoebourhis.com\/index.php\/wp-json\/wp\/v2\/pages\/319\/revisions\/436"}],"up":[{"embeddable":true,"href":"https:\/\/zoebourhis.com\/index.php\/wp-json\/wp\/v2\/pages\/90"}],"wp:attachment":[{"href":"https:\/\/zoebourhis.com\/index.php\/wp-json\/wp\/v2\/media?parent=319"}],"curies":[{"name":"wp","href":"https:\/\/api.w.org\/{rel}","templated":true}]}}