{"id":323,"date":"2023-09-15T11:44:04","date_gmt":"2023-09-15T09:44:04","guid":{"rendered":"https:\/\/zoebourhis.com\/?page_id=323"},"modified":"2023-09-21T12:31:00","modified_gmt":"2023-09-21T10:31:00","slug":"cartes-postales","status":"publish","type":"page","link":"https:\/\/zoebourhis.com\/index.php\/page-d-exemple\/reproductions\/cartes-postales\/","title":{"rendered":"Cartes postales"},"content":{"rendered":"\n<pre class=\"wp-block-verse\">Les cartes postales ci-dessus sont imprim\u00e9es sur un papier fine art Tintoretto Gesso 300g. Elles sont au format carte postale (10x15cm).\nSi l'une d'entre elle vous fait de l'\u0153il n'h\u00e9sitez pas \u00e0 me contacter par mail ou Instagram ou \u00e0 rendre visite sur ma boutique Etsy : <a href=\"https:\/\/www.etsy.com\/fr\/shop\/ZoeBourhis\">https:\/\/www.etsy.com\/fr\/shop\/ZoeBourhis<\/a><\/pre>\n\n\n\n<div style=\"height:10px\" aria-hidden=\"true\" class=\"wp-block-spacer\"><\/div>\n\n\n\n<div class=\"wp-block-columns is-layout-flex wp-container-9 wp-block-columns-is-layout-flex\">\n<div class=\"wp-block-column is-layout-flow wp-block-column-is-layout-flow\" style=\"flex-basis:100%\">\n<div class=\"wp-block-columns is-layout-flex wp-container-7 wp-block-columns-is-layout-flex\">\n<div class=\"wp-block-column is-layout-flow wp-block-column-is-layout-flow\" style=\"flex-basis:50%\">\n<figure class=\"wp-block-gallery has-nested-images columns-default is-cropped wp-block-gallery-1 is-layout-flex wp-block-gallery-is-layout-flex\">\n<figure class=\"wp-block-image size-large\"><img decoding=\"async\" loading=\"lazy\" width=\"1024\" height=\"731\" src=\"https:\/\/zoebourhis.com\/wp-content\/uploads\/2023\/09\/Carte-postale-baignoire-1-1024x731.jpg\" alt=\"\" class=\"wp-image-335\" srcset=\"https:\/\/zoebourhis.com\/wp-content\/uploads\/2023\/09\/Carte-postale-baignoire-1-1024x731.jpg 1024w, https:\/\/zoebourhis.com\/wp-content\/uploads\/2023\/09\/Carte-postale-baignoire-1-300x214.jpg 300w, https:\/\/zoebourhis.com\/wp-content\/uploads\/2023\/09\/Carte-postale-baignoire-1-768x548.jpg 768w, https:\/\/zoebourhis.com\/wp-content\/uploads\/2023\/09\/Carte-postale-baignoire-1-1536x1097.jpg 1536w, https:\/\/zoebourhis.com\/wp-content\/uploads\/2023\/09\/Carte-postale-baignoire-1-2048x1463.jpg 2048w\" sizes=\"(max-width: 1024px) 100vw, 1024px\" \/><\/figure>\n<\/figure>\n<\/div>\n\n\n\n<div class=\"wp-block-column is-layout-flow wp-block-column-is-layout-flow\" style=\"flex-basis:50%\">\n<figure class=\"wp-block-gallery has-nested-images columns-default is-cropped wp-block-gallery-4 is-layout-flex wp-block-gallery-is-layout-flex\">\n<figure class=\"wp-block-image size-large\"><img decoding=\"async\" loading=\"lazy\" width=\"1024\" height=\"731\" src=\"https:\/\/zoebourhis.com\/wp-content\/uploads\/2023\/09\/Carte-postale-chaise-longue-1024x731.jpg\" alt=\"\" class=\"wp-image-336\" srcset=\"https:\/\/zoebourhis.com\/wp-content\/uploads\/2023\/09\/Carte-postale-chaise-longue-1024x731.jpg 1024w, https:\/\/zoebourhis.com\/wp-content\/uploads\/2023\/09\/Carte-postale-chaise-longue-300x214.jpg 300w, https:\/\/zoebourhis.com\/wp-content\/uploads\/2023\/09\/Carte-postale-chaise-longue-768x549.jpg 768w, https:\/\/zoebourhis.com\/wp-content\/uploads\/2023\/09\/Carte-postale-chaise-longue-1536x1097.jpg 1536w, https:\/\/zoebourhis.com\/wp-content\/uploads\/2023\/09\/Carte-postale-chaise-longue-2048x1463.jpg 2048w\" sizes=\"(max-width: 1024px) 100vw, 1024px\" \/><\/figure>\n<\/figure>\n<\/div>\n<\/div>\n<\/div>\n<\/div>\n\n\n\n<div class=\"wp-block-columns is-layout-flex wp-container-18 wp-block-columns-is-layout-flex\">\n<div class=\"wp-block-column is-layout-flow wp-block-column-is-layout-flow\" style=\"flex-basis:100%\">\n<div class=\"wp-block-columns is-layout-flex wp-container-16 wp-block-columns-is-layout-flex\">\n<div class=\"wp-block-column is-layout-flow wp-block-column-is-layout-flow\">\n<figure class=\"wp-block-gallery has-nested-images columns-default is-cropped wp-block-gallery-10 is-layout-flex wp-block-gallery-is-layout-flex\">\n<figure class=\"wp-block-image size-large\"><img decoding=\"async\" loading=\"lazy\" width=\"732\" height=\"1024\" src=\"https:\/\/zoebourhis.com\/wp-content\/uploads\/2023\/09\/Carte-postale-chevaliers-732x1024.jpg\" alt=\"\" class=\"wp-image-337\" srcset=\"https:\/\/zoebourhis.com\/wp-content\/uploads\/2023\/09\/Carte-postale-chevaliers-732x1024.jpg 732w, https:\/\/zoebourhis.com\/wp-content\/uploads\/2023\/09\/Carte-postale-chevaliers-214x300.jpg 214w, https:\/\/zoebourhis.com\/wp-content\/uploads\/2023\/09\/Carte-postale-chevaliers-768x1075.jpg 768w, https:\/\/zoebourhis.com\/wp-content\/uploads\/2023\/09\/Carte-postale-chevaliers-1097x1536.jpg 1097w, https:\/\/zoebourhis.com\/wp-content\/uploads\/2023\/09\/Carte-postale-chevaliers-1463x2048.jpg 1463w, https:\/\/zoebourhis.com\/wp-content\/uploads\/2023\/09\/Carte-postale-chevaliers-scaled.jpg 1829w\" sizes=\"(max-width: 732px) 100vw, 732px\" \/><\/figure>\n<\/figure>\n<\/div>\n\n\n\n<div class=\"wp-block-column is-layout-flow wp-block-column-is-layout-flow\">\n<figure class=\"wp-block-gallery has-nested-images columns-default is-cropped wp-block-gallery-13 is-layout-flex wp-block-gallery-is-layout-flex\">\n<figure class=\"wp-block-image size-large\"><img decoding=\"async\" loading=\"lazy\" width=\"731\" height=\"1024\" src=\"https:\/\/zoebourhis.com\/wp-content\/uploads\/2023\/09\/Carte-postale-parasol-731x1024.jpg\" alt=\"\" class=\"wp-image-338\" srcset=\"https:\/\/zoebourhis.com\/wp-content\/uploads\/2023\/09\/Carte-postale-parasol-731x1024.jpg 731w, https:\/\/zoebourhis.com\/wp-content\/uploads\/2023\/09\/Carte-postale-parasol-214x300.jpg 214w, https:\/\/zoebourhis.com\/wp-content\/uploads\/2023\/09\/Carte-postale-parasol-768x1075.jpg 768w, https:\/\/zoebourhis.com\/wp-content\/uploads\/2023\/09\/Carte-postale-parasol-1097x1536.jpg 1097w, https:\/\/zoebourhis.com\/wp-content\/uploads\/2023\/09\/Carte-postale-parasol-1463x2048.jpg 1463w, https:\/\/zoebourhis.com\/wp-content\/uploads\/2023\/09\/Carte-postale-parasol-scaled.jpg 1829w\" sizes=\"(max-width: 731px) 100vw, 731px\" \/><\/figure>\n<\/figure>\n<\/div>\n<\/div>\n<\/div>\n<\/div>\n\n\n\n<div class=\"wp-block-columns is-layout-flex wp-container-27 wp-block-columns-is-layout-flex\">\n<div class=\"wp-block-column is-layout-flow wp-block-column-is-layout-flow\">\n<div class=\"wp-block-columns is-layout-flex wp-container-22 wp-block-columns-is-layout-flex\">\n<div class=\"wp-block-column is-layout-flow wp-block-column-is-layout-flow\">\n<figure class=\"wp-block-gallery has-nested-images columns-default is-cropped wp-block-gallery-19 is-layout-flex wp-block-gallery-is-layout-flex\">\n<figure class=\"wp-block-image size-large\"><img decoding=\"async\" loading=\"lazy\" width=\"731\" height=\"1024\" src=\"https:\/\/zoebourhis.com\/wp-content\/uploads\/2023\/09\/Carte-postale-maman-enfant-731x1024.jpg\" alt=\"\" class=\"wp-image-339\" srcset=\"https:\/\/zoebourhis.com\/wp-content\/uploads\/2023\/09\/Carte-postale-maman-enfant-731x1024.jpg 731w, https:\/\/zoebourhis.com\/wp-content\/uploads\/2023\/09\/Carte-postale-maman-enfant-214x300.jpg 214w, https:\/\/zoebourhis.com\/wp-content\/uploads\/2023\/09\/Carte-postale-maman-enfant-768x1075.jpg 768w, https:\/\/zoebourhis.com\/wp-content\/uploads\/2023\/09\/Carte-postale-maman-enfant-1097x1536.jpg 1097w, https:\/\/zoebourhis.com\/wp-content\/uploads\/2023\/09\/Carte-postale-maman-enfant-1463x2048.jpg 1463w, https:\/\/zoebourhis.com\/wp-content\/uploads\/2023\/09\/Carte-postale-maman-enfant-scaled.jpg 1828w\" sizes=\"(max-width: 731px) 100vw, 731px\" \/><\/figure>\n<\/figure>\n<\/div>\n<\/div>\n<\/div>\n\n\n\n<div class=\"wp-block-column is-layout-flow wp-block-column-is-layout-flow\">\n<figure class=\"wp-block-gallery has-nested-images columns-default is-cropped wp-block-gallery-24 is-layout-flex wp-block-gallery-is-layout-flex\">\n<figure class=\"wp-block-image size-large\"><img decoding=\"async\" loading=\"lazy\" width=\"732\" height=\"1024\" src=\"https:\/\/zoebourhis.com\/wp-content\/uploads\/2023\/09\/Carte-postale-cafe-732x1024.jpg\" alt=\"\" class=\"wp-image-340\" srcset=\"https:\/\/zoebourhis.com\/wp-content\/uploads\/2023\/09\/Carte-postale-cafe-732x1024.jpg 732w, https:\/\/zoebourhis.com\/wp-content\/uploads\/2023\/09\/Carte-postale-cafe-214x300.jpg 214w, https:\/\/zoebourhis.com\/wp-content\/uploads\/2023\/09\/Carte-postale-cafe-768x1075.jpg 768w, https:\/\/zoebourhis.com\/wp-content\/uploads\/2023\/09\/Carte-postale-cafe-1097x1536.jpg 1097w, https:\/\/zoebourhis.com\/wp-content\/uploads\/2023\/09\/Carte-postale-cafe-1463x2048.jpg 1463w, https:\/\/zoebourhis.com\/wp-content\/uploads\/2023\/09\/Carte-postale-cafe-scaled.jpg 1829w\" sizes=\"(max-width: 732px) 100vw, 732px\" \/><\/figure>\n<\/figure>\n<\/div>\n<\/div>\n\n\n\n<figure class=\"wp-block-gallery has-nested-images columns-default is-cropped wp-block-gallery-28 is-layout-flex wp-block-gallery-is-layout-flex\">\n<figure class=\"wp-block-image size-large\"><img decoding=\"async\" loading=\"lazy\" width=\"1024\" height=\"731\" data-id=\"341\" src=\"https:\/\/zoebourhis.com\/wp-content\/uploads\/2023\/09\/Carte-postale-pique-nique-bis-1024x731.jpg\" alt=\"\" class=\"wp-image-341\" srcset=\"https:\/\/zoebourhis.com\/wp-content\/uploads\/2023\/09\/Carte-postale-pique-nique-bis-1024x731.jpg 1024w, https:\/\/zoebourhis.com\/wp-content\/uploads\/2023\/09\/Carte-postale-pique-nique-bis-300x214.jpg 300w, https:\/\/zoebourhis.com\/wp-content\/uploads\/2023\/09\/Carte-postale-pique-nique-bis-768x548.jpg 768w, https:\/\/zoebourhis.com\/wp-content\/uploads\/2023\/09\/Carte-postale-pique-nique-bis-1536x1097.jpg 1536w, https:\/\/zoebourhis.com\/wp-content\/uploads\/2023\/09\/Carte-postale-pique-nique-bis-2048x1463.jpg 2048w\" sizes=\"(max-width: 1024px) 100vw, 1024px\" \/><\/figure>\n<\/figure>\n","protected":false},"excerpt":{"rendered":"<p>Les cartes postales ci-dessus sont imprim\u00e9es sur un papier fine art Tintoretto Gesso 300g. Elles sont au format carte postale (10x15cm). Si l&#8217;une d&#8217;entre elle vous fait de l&#8217;\u0153il n&#8217;h\u00e9sitez pas \u00e0 me contacter par mail ou Instagram ou \u00e0 rendre visite sur ma boutique Etsy : https:\/\/www.etsy.com\/fr\/shop\/ZoeBourhis<\/p>\n","protected":false},"author":1,"featured_media":0,"parent":90,"menu_order":0,"comment_status":"closed","ping_status":"closed","template":"","meta":{"footnotes":""},"_links":{"self":[{"href":"https:\/\/zoebourhis.com\/index.php\/wp-json\/wp\/v2\/pages\/323"}],"collection":[{"href":"https:\/\/zoebourhis.com\/index.php\/wp-json\/wp\/v2\/pages"}],"about":[{"href":"https:\/\/zoebourhis.com\/index.php\/wp-json\/wp\/v2\/types\/page"}],"author":[{"embeddable":true,"href":"https:\/\/zoebourhis.com\/index.php\/wp-json\/wp\/v2\/users\/1"}],"replies":[{"embeddable":true,"href":"https:\/\/zoebourhis.com\/index.php\/wp-json\/wp\/v2\/comments?post=323"}],"version-history":[{"count":3,"href":"https:\/\/zoebourhis.com\/index.php\/wp-json\/wp\/v2\/pages\/323\/revisions"}],"predecessor-version":[{"id":433,"href":"https:\/\/zoebourhis.com\/index.php\/wp-json\/wp\/v2\/pages\/323\/revisions\/433"}],"up":[{"embeddable":true,"href":"https:\/\/zoebourhis.com\/index.php\/wp-json\/wp\/v2\/pages\/90"}],"wp:attachment":[{"href":"https:\/\/zoebourhis.com\/index.php\/wp-json\/wp\/v2\/media?parent=323"}],"curies":[{"name":"wp","href":"https:\/\/api.w.org\/{rel}","templated":true}]}}