{"id":53,"date":"2023-05-22T16:49:48","date_gmt":"2023-05-22T14:49:48","guid":{"rendered":"https:\/\/zoebourhis.com\/?page_id=53"},"modified":"2023-09-15T12:02:16","modified_gmt":"2023-09-15T10:02:16","slug":"ma-demarche","status":"publish","type":"page","link":"https:\/\/zoebourhis.com\/index.php\/ma-demarche\/","title":{"rendered":"D\u00e9marche"},"content":{"rendered":"\n<h2 class=\"wp-block-heading\">D\u00e9marche<\/h2>\n\n\n\n<p class=\"has-tiny-font-size\">Pour les curieux voici les diff\u00e9rentes \u00e9tapes dans la cr\u00e9ation d\u2019une pi\u00e8ce unique ou d\u2019une de vos commandes &#8230;<\/p>\n\n\n\n<div style=\"height:30px\" aria-hidden=\"true\" class=\"wp-block-spacer\"><\/div>\n\n\n\n<div class=\"wp-block-columns is-layout-flex wp-container-5 wp-block-columns-is-layout-flex\">\n<div class=\"wp-block-column is-vertically-aligned-center is-layout-flow wp-block-column-is-layout-flow\">\n<p class=\"has-tiny-font-size\"><strong>Etape 1 <\/strong><\/p>\n\n\n\n<h1 class=\"wp-block-heading has-medium-font-size\" style=\"margin-top:var(--wp--preset--spacing--10);line-height:1.3\">La chasse aux cadres<\/h1>\n\n\n\n<p class=\"has-tiny-font-size\">D\u00e9nicher des cadres anciens est la premi\u00e8re partie de mon travail. Objets qualitatifs mais d\u00e9laiss\u00e9s du fait de leur dimension non-standard, je cherche \u00e0 leur donner une seconde chance. Je m\u2019emploie \u00e0 trouver les cadres qui ont un mat\u00e9riau noble et patin\u00e9 par le temps : bois massif, m\u00e9tal, dorure \u2026 Mais aussi des formes singuli\u00e8res : rectangles, rondes et ovales\u2026<\/p>\n<\/div>\n\n\n\n<div class=\"wp-block-column is-layout-flow wp-block-column-is-layout-flow\">\n<figure class=\"wp-block-gallery has-nested-images columns-default is-cropped wp-block-gallery-2 is-layout-flex wp-block-gallery-is-layout-flex\">\n<figure class=\"wp-block-image size-large\"><img decoding=\"async\" loading=\"lazy\" width=\"768\" height=\"1024\" src=\"https:\/\/zoebourhis.com\/wp-content\/uploads\/2023\/06\/Cadres-1-768x1024.jpg\" alt=\"\" class=\"wp-image-250\" srcset=\"https:\/\/zoebourhis.com\/wp-content\/uploads\/2023\/06\/Cadres-1-768x1024.jpg 768w, https:\/\/zoebourhis.com\/wp-content\/uploads\/2023\/06\/Cadres-1-225x300.jpg 225w, https:\/\/zoebourhis.com\/wp-content\/uploads\/2023\/06\/Cadres-1-1152x1536.jpg 1152w, https:\/\/zoebourhis.com\/wp-content\/uploads\/2023\/06\/Cadres-1-1536x2048.jpg 1536w, https:\/\/zoebourhis.com\/wp-content\/uploads\/2023\/06\/Cadres-1.jpg 1851w\" sizes=\"(max-width: 768px) 100vw, 768px\" \/><\/figure>\n<\/figure>\n<\/div>\n<\/div>\n\n\n\n<div class=\"wp-block-columns is-layout-flex wp-container-10 wp-block-columns-is-layout-flex\">\n<div class=\"wp-block-column is-layout-flow wp-block-column-is-layout-flow\">\n<figure class=\"wp-block-gallery has-nested-images columns-default is-cropped wp-block-gallery-6 is-layout-flex wp-block-gallery-is-layout-flex\">\n<figure class=\"wp-block-image size-large\"><img decoding=\"async\" loading=\"lazy\" width=\"768\" height=\"1024\" src=\"https:\/\/zoebourhis.com\/wp-content\/uploads\/2023\/06\/Cadres-etape-3-bis-1-768x1024.jpg\" alt=\"\" class=\"wp-image-255\" srcset=\"https:\/\/zoebourhis.com\/wp-content\/uploads\/2023\/06\/Cadres-etape-3-bis-1-768x1024.jpg 768w, https:\/\/zoebourhis.com\/wp-content\/uploads\/2023\/06\/Cadres-etape-3-bis-1-225x300.jpg 225w, https:\/\/zoebourhis.com\/wp-content\/uploads\/2023\/06\/Cadres-etape-3-bis-1-1152x1536.jpg 1152w, https:\/\/zoebourhis.com\/wp-content\/uploads\/2023\/06\/Cadres-etape-3-bis-1-1536x2048.jpg 1536w, https:\/\/zoebourhis.com\/wp-content\/uploads\/2023\/06\/Cadres-etape-3-bis-1-scaled.jpg 1920w\" sizes=\"(max-width: 768px) 100vw, 768px\" \/><\/figure>\n<\/figure>\n<\/div>\n\n\n\n<div class=\"wp-block-column is-vertically-aligned-center is-layout-flow wp-block-column-is-layout-flow\">\n<h5 class=\"wp-block-heading has-tiny-font-size\" style=\"font-style:normal;font-weight:600;line-height:1.6\"><strong>Etape 2<\/strong><\/h5>\n\n\n\n<h2 class=\"wp-block-heading has-medium-font-size\" style=\"margin-top:var(--wp--preset--spacing--10);line-height:1.3\">L&#8217;esquisse et le cadre<\/h2>\n\n\n\n<p class=\"has-tiny-font-size\">L\u2019esquisse du dessin se fait ici en fonction des dimensions et de l\u2019esprit du cadre. Les cadres r\u00e9cup\u00e9r\u00e9s ont chaque fois une taille diff\u00e9rente, il faut donc toujours s\u2019adapter. Les personnages se coincent comme ils peuvent dans ces espaces\u2026<\/p>\n<\/div>\n<\/div>\n\n\n\n<div class=\"wp-block-columns is-layout-flex wp-container-15 wp-block-columns-is-layout-flex\">\n<div class=\"wp-block-column is-vertically-aligned-center is-layout-flow wp-block-column-is-layout-flow\">\n<h5 class=\"wp-block-heading has-tiny-font-size\" style=\"font-style:normal;font-weight:600;line-height:1.6\"><strong>Etape 3<\/strong><\/h5>\n\n\n\n<h2 class=\"wp-block-heading has-medium-font-size\" style=\"margin-top:var(--wp--preset--spacing--10);line-height:1.3\">L&#8217;encrage<\/h2>\n\n\n\n<p class=\"has-tiny-font-size\">Une fois l&#8217;esquisse termin\u00e9e vient le moment d\u00e9licat de l&#8217;encrage! Ce moment qui demande une grande concentration pour ne pas d\u00e9passer\u2026 J\u2019encre mes dessins au stylo fin et \u00e0 l\u2019encre de Chine.<\/p>\n<\/div>\n\n\n\n<div class=\"wp-block-column is-layout-flow wp-block-column-is-layout-flow\">\n<figure class=\"wp-block-gallery has-nested-images columns-default is-cropped wp-block-gallery-12 is-layout-flex wp-block-gallery-is-layout-flex\">\n<figure class=\"wp-block-image size-large\"><img decoding=\"async\" loading=\"lazy\" width=\"768\" height=\"1024\" src=\"https:\/\/zoebourhis.com\/wp-content\/uploads\/2023\/06\/Cadres-etape-3-2-768x1024.jpg\" alt=\"\" class=\"wp-image-252\" srcset=\"https:\/\/zoebourhis.com\/wp-content\/uploads\/2023\/06\/Cadres-etape-3-2-768x1024.jpg 768w, https:\/\/zoebourhis.com\/wp-content\/uploads\/2023\/06\/Cadres-etape-3-2-225x300.jpg 225w, https:\/\/zoebourhis.com\/wp-content\/uploads\/2023\/06\/Cadres-etape-3-2-1152x1536.jpg 1152w, https:\/\/zoebourhis.com\/wp-content\/uploads\/2023\/06\/Cadres-etape-3-2-1536x2048.jpg 1536w, https:\/\/zoebourhis.com\/wp-content\/uploads\/2023\/06\/Cadres-etape-3-2-scaled.jpg 1920w\" sizes=\"(max-width: 768px) 100vw, 768px\" \/><\/figure>\n<\/figure>\n<\/div>\n<\/div>\n\n\n\n<div class=\"wp-block-columns is-layout-flex wp-container-21 wp-block-columns-is-layout-flex\">\n<div class=\"wp-block-column is-layout-flow wp-block-column-is-layout-flow\">\n<figure class=\"wp-block-gallery has-nested-images columns-default is-cropped wp-block-gallery-16 is-layout-flex wp-block-gallery-is-layout-flex\">\n<figure class=\"wp-block-image size-large\"><img decoding=\"async\" loading=\"lazy\" width=\"768\" height=\"1024\" src=\"https:\/\/zoebourhis.com\/wp-content\/uploads\/2023\/06\/Cadres-etape-4-1-768x1024.jpg\" alt=\"\" class=\"wp-image-265\" srcset=\"https:\/\/zoebourhis.com\/wp-content\/uploads\/2023\/06\/Cadres-etape-4-1-768x1024.jpg 768w, https:\/\/zoebourhis.com\/wp-content\/uploads\/2023\/06\/Cadres-etape-4-1-225x300.jpg 225w, https:\/\/zoebourhis.com\/wp-content\/uploads\/2023\/06\/Cadres-etape-4-1-1152x1536.jpg 1152w, https:\/\/zoebourhis.com\/wp-content\/uploads\/2023\/06\/Cadres-etape-4-1-1536x2048.jpg 1536w, https:\/\/zoebourhis.com\/wp-content\/uploads\/2023\/06\/Cadres-etape-4-1-scaled.jpg 1920w\" sizes=\"(max-width: 768px) 100vw, 768px\" \/><\/figure>\n<\/figure>\n<\/div>\n\n\n\n<div class=\"wp-block-column is-vertically-aligned-center is-layout-flow wp-block-column-is-layout-flow\">\n<div class=\"wp-block-group is-layout-flow wp-block-group-is-layout-flow\">\n<h5 class=\"wp-block-heading has-tiny-font-size\" style=\"font-style:normal;font-weight:600;line-height:1.6\"><strong>Etape <\/strong>4<\/h5>\n\n\n\n<h2 class=\"wp-block-heading has-medium-font-size\" style=\"margin-top:var(--wp--preset--spacing--10);line-height:1.3\">L&#8217;encadrement<\/h2>\n\n\n\n<p class=\"has-tiny-font-size\">Une fois l&#8217;encre s\u00e8che, on r\u00e9unit toutes les pi\u00e8ces et on encadre le tout. Il ne reste plus qu&#8217;\u00e0 l&#8217;afficher sur vous jolis murs!<\/p>\n<\/div>\n<\/div>\n<\/div>\n\n\n\n<div style=\"height:100px\" aria-hidden=\"true\" class=\"wp-block-spacer\"><\/div>\n","protected":false},"excerpt":{"rendered":"<p>D\u00e9marche Pour les curieux voici les diff\u00e9rentes \u00e9tapes dans la cr\u00e9ation d\u2019une pi\u00e8ce unique ou d\u2019une de vos commandes &#8230; Etape 1 La chasse aux cadres D\u00e9nicher des cadres anciens est la premi\u00e8re partie de mon travail. Objets qualitatifs mais d\u00e9laiss\u00e9s du fait de leur dimension non-standard, je cherche \u00e0 leur donner une seconde chance. [&hellip;]<\/p>\n","protected":false},"author":1,"featured_media":0,"parent":0,"menu_order":1,"comment_status":"closed","ping_status":"closed","template":"page-without-title","meta":{"footnotes":""},"_links":{"self":[{"href":"https:\/\/zoebourhis.com\/index.php\/wp-json\/wp\/v2\/pages\/53"}],"collection":[{"href":"https:\/\/zoebourhis.com\/index.php\/wp-json\/wp\/v2\/pages"}],"about":[{"href":"https:\/\/zoebourhis.com\/index.php\/wp-json\/wp\/v2\/types\/page"}],"author":[{"embeddable":true,"href":"https:\/\/zoebourhis.com\/index.php\/wp-json\/wp\/v2\/users\/1"}],"replies":[{"embeddable":true,"href":"https:\/\/zoebourhis.com\/index.php\/wp-json\/wp\/v2\/comments?post=53"}],"version-history":[{"count":16,"href":"https:\/\/zoebourhis.com\/index.php\/wp-json\/wp\/v2\/pages\/53\/revisions"}],"predecessor-version":[{"id":331,"href":"https:\/\/zoebourhis.com\/index.php\/wp-json\/wp\/v2\/pages\/53\/revisions\/331"}],"wp:attachment":[{"href":"https:\/\/zoebourhis.com\/index.php\/wp-json\/wp\/v2\/media?parent=53"}],"curies":[{"name":"wp","href":"https:\/\/api.w.org\/{rel}","templated":true}]}}