{"id":92,"date":"2023-06-07T13:49:47","date_gmt":"2023-06-07T11:49:47","guid":{"rendered":"https:\/\/zoebourhis.com\/?page_id=92"},"modified":"2023-09-21T12:29:32","modified_gmt":"2023-09-21T10:29:32","slug":"originaux","status":"publish","type":"page","link":"https:\/\/zoebourhis.com\/index.php\/page-d-exemple\/originaux\/","title":{"rendered":"Pi\u00e8ces uniques"},"content":{"rendered":"\n<pre class=\"wp-block-verse\">Les illustrations ci-dessous sont des exemplaires originaux. Ils sont r\u00e9alis\u00e9s \u00e0 l'encre de chine et au stylo noir sur un papier aquarelle 300g. Ils sont ensuite mis en valeur par des cadres de seconde main nettoy\u00e9s et remis \u00e0 neuf. \nD'avantage de photographies d'informations sur les tableaux sont visibles en ligne via ma boutique Etsy: <a href=\"https:\/\/www.etsy.com\/fr\/shop\/ZoeBourhis\">https:\/\/www.etsy.com\/fr\/shop\/ZoeBourhis<\/a><\/pre>\n\n\n\n<div style=\"height:30px\" aria-hidden=\"true\" class=\"wp-block-spacer\"><\/div>\n\n\n\n<figure class=\"wp-block-gallery has-nested-images columns-default is-cropped wp-block-gallery-1 is-layout-flex wp-block-gallery-is-layout-flex\">\n<figure class=\"wp-block-image size-large\"><img decoding=\"async\" loading=\"lazy\" width=\"768\" height=\"1024\" data-id=\"429\" src=\"https:\/\/zoebourhis.com\/wp-content\/uploads\/2023\/09\/Chevaliers-recadres-2-1-768x1024.jpg\" alt=\"\" class=\"wp-image-429\" srcset=\"https:\/\/zoebourhis.com\/wp-content\/uploads\/2023\/09\/Chevaliers-recadres-2-1-768x1024.jpg 768w, https:\/\/zoebourhis.com\/wp-content\/uploads\/2023\/09\/Chevaliers-recadres-2-1-225x300.jpg 225w, https:\/\/zoebourhis.com\/wp-content\/uploads\/2023\/09\/Chevaliers-recadres-2-1-1152x1536.jpg 1152w, https:\/\/zoebourhis.com\/wp-content\/uploads\/2023\/09\/Chevaliers-recadres-2-1-1536x2048.jpg 1536w, https:\/\/zoebourhis.com\/wp-content\/uploads\/2023\/09\/Chevaliers-recadres-2-1-scaled.jpg 1920w\" sizes=\"(max-width: 768px) 100vw, 768px\" \/><\/figure>\n<\/figure>\n\n\n\n<div class=\"wp-block-columns is-layout-flex wp-container-9 wp-block-columns-is-layout-flex\">\n<div class=\"wp-block-column is-layout-flow wp-block-column-is-layout-flow\">\n<figure class=\"wp-block-gallery has-nested-images columns-default is-cropped wp-block-gallery-3 is-layout-flex wp-block-gallery-is-layout-flex\">\n<figure class=\"wp-block-image size-large\"><img decoding=\"async\" loading=\"lazy\" width=\"732\" height=\"1024\" src=\"https:\/\/zoebourhis.com\/wp-content\/uploads\/2023\/09\/La-chamaille-732x1024.jpg\" alt=\"\" class=\"wp-image-417\" srcset=\"https:\/\/zoebourhis.com\/wp-content\/uploads\/2023\/09\/La-chamaille-732x1024.jpg 732w, https:\/\/zoebourhis.com\/wp-content\/uploads\/2023\/09\/La-chamaille-214x300.jpg 214w, https:\/\/zoebourhis.com\/wp-content\/uploads\/2023\/09\/La-chamaille-768x1075.jpg 768w, https:\/\/zoebourhis.com\/wp-content\/uploads\/2023\/09\/La-chamaille-1097x1536.jpg 1097w, https:\/\/zoebourhis.com\/wp-content\/uploads\/2023\/09\/La-chamaille-1463x2048.jpg 1463w, https:\/\/zoebourhis.com\/wp-content\/uploads\/2023\/09\/La-chamaille-scaled.jpg 1829w\" sizes=\"(max-width: 732px) 100vw, 732px\" \/><\/figure>\n<\/figure>\n<\/div>\n\n\n\n<div class=\"wp-block-column is-layout-flow wp-block-column-is-layout-flow\">\n<figure class=\"wp-block-gallery has-nested-images columns-default is-cropped wp-block-gallery-6 is-layout-flex wp-block-gallery-is-layout-flex\">\n<figure class=\"wp-block-image size-large\"><img decoding=\"async\" loading=\"lazy\" width=\"731\" height=\"1024\" src=\"https:\/\/zoebourhis.com\/wp-content\/uploads\/2023\/09\/Illustration-carree-731x1024.jpg\" alt=\"\" class=\"wp-image-418\" srcset=\"https:\/\/zoebourhis.com\/wp-content\/uploads\/2023\/09\/Illustration-carree-731x1024.jpg 731w, https:\/\/zoebourhis.com\/wp-content\/uploads\/2023\/09\/Illustration-carree-214x300.jpg 214w, https:\/\/zoebourhis.com\/wp-content\/uploads\/2023\/09\/Illustration-carree-768x1075.jpg 768w, https:\/\/zoebourhis.com\/wp-content\/uploads\/2023\/09\/Illustration-carree-1097x1536.jpg 1097w, https:\/\/zoebourhis.com\/wp-content\/uploads\/2023\/09\/Illustration-carree-1463x2048.jpg 1463w, https:\/\/zoebourhis.com\/wp-content\/uploads\/2023\/09\/Illustration-carree-scaled.jpg 1829w\" sizes=\"(max-width: 731px) 100vw, 731px\" \/><\/figure>\n<\/figure>\n<\/div>\n<\/div>\n\n\n\n<figure class=\"wp-block-gallery has-nested-images columns-default is-cropped wp-block-gallery-10 is-layout-flex wp-block-gallery-is-layout-flex\">\n<figure class=\"wp-block-image size-large\"><img decoding=\"async\" loading=\"lazy\" width=\"732\" height=\"1024\" data-id=\"426\" src=\"https:\/\/zoebourhis.com\/wp-content\/uploads\/2023\/09\/Deux-grands-dessins-3-732x1024.jpg\" alt=\"\" class=\"wp-image-426\" srcset=\"https:\/\/zoebourhis.com\/wp-content\/uploads\/2023\/09\/Deux-grands-dessins-3-732x1024.jpg 732w, https:\/\/zoebourhis.com\/wp-content\/uploads\/2023\/09\/Deux-grands-dessins-3-214x300.jpg 214w, https:\/\/zoebourhis.com\/wp-content\/uploads\/2023\/09\/Deux-grands-dessins-3-768x1075.jpg 768w, https:\/\/zoebourhis.com\/wp-content\/uploads\/2023\/09\/Deux-grands-dessins-3-1098x1536.jpg 1098w, https:\/\/zoebourhis.com\/wp-content\/uploads\/2023\/09\/Deux-grands-dessins-3-1463x2048.jpg 1463w, https:\/\/zoebourhis.com\/wp-content\/uploads\/2023\/09\/Deux-grands-dessins-3-scaled.jpg 1829w\" sizes=\"(max-width: 732px) 100vw, 732px\" \/><\/figure>\n<\/figure>\n\n\n\n<div class=\"wp-block-columns is-layout-flex wp-container-18 wp-block-columns-is-layout-flex\">\n<div class=\"wp-block-column is-layout-flow wp-block-column-is-layout-flow\">\n<figure class=\"wp-block-gallery has-nested-images columns-default is-cropped wp-block-gallery-12 is-layout-flex wp-block-gallery-is-layout-flex\">\n<figure class=\"wp-block-image size-large\"><img decoding=\"async\" loading=\"lazy\" width=\"732\" height=\"1024\" src=\"https:\/\/zoebourhis.com\/wp-content\/uploads\/2023\/09\/Chevaliers-recadres-732x1024.jpg\" alt=\"\" class=\"wp-image-415\" srcset=\"https:\/\/zoebourhis.com\/wp-content\/uploads\/2023\/09\/Chevaliers-recadres-732x1024.jpg 732w, https:\/\/zoebourhis.com\/wp-content\/uploads\/2023\/09\/Chevaliers-recadres-214x300.jpg 214w, https:\/\/zoebourhis.com\/wp-content\/uploads\/2023\/09\/Chevaliers-recadres-768x1075.jpg 768w, https:\/\/zoebourhis.com\/wp-content\/uploads\/2023\/09\/Chevaliers-recadres-1097x1536.jpg 1097w, https:\/\/zoebourhis.com\/wp-content\/uploads\/2023\/09\/Chevaliers-recadres-1463x2048.jpg 1463w, https:\/\/zoebourhis.com\/wp-content\/uploads\/2023\/09\/Chevaliers-recadres-scaled.jpg 1829w\" sizes=\"(max-width: 732px) 100vw, 732px\" \/><\/figure>\n<\/figure>\n<\/div>\n\n\n\n<div class=\"wp-block-column is-layout-flow wp-block-column-is-layout-flow\">\n<figure class=\"wp-block-gallery has-nested-images columns-default is-cropped wp-block-gallery-15 is-layout-flex wp-block-gallery-is-layout-flex\">\n<figure class=\"wp-block-image size-large\"><img decoding=\"async\" loading=\"lazy\" width=\"732\" height=\"1024\" src=\"https:\/\/zoebourhis.com\/wp-content\/uploads\/2023\/09\/Disco-dance-1-732x1024.jpg\" alt=\"\" class=\"wp-image-410\" srcset=\"https:\/\/zoebourhis.com\/wp-content\/uploads\/2023\/09\/Disco-dance-1-732x1024.jpg 732w, https:\/\/zoebourhis.com\/wp-content\/uploads\/2023\/09\/Disco-dance-1-214x300.jpg 214w, https:\/\/zoebourhis.com\/wp-content\/uploads\/2023\/09\/Disco-dance-1-768x1075.jpg 768w, https:\/\/zoebourhis.com\/wp-content\/uploads\/2023\/09\/Disco-dance-1-1097x1536.jpg 1097w, https:\/\/zoebourhis.com\/wp-content\/uploads\/2023\/09\/Disco-dance-1-1463x2048.jpg 1463w, https:\/\/zoebourhis.com\/wp-content\/uploads\/2023\/09\/Disco-dance-1-scaled.jpg 1829w\" sizes=\"(max-width: 732px) 100vw, 732px\" \/><\/figure>\n<\/figure>\n<\/div>\n<\/div>\n\n\n\n<figure class=\"wp-block-gallery has-nested-images columns-default is-cropped wp-block-gallery-19 is-layout-flex wp-block-gallery-is-layout-flex\">\n<figure class=\"wp-block-image size-large\"><img decoding=\"async\" loading=\"lazy\" width=\"731\" height=\"1024\" data-id=\"421\" src=\"https:\/\/zoebourhis.com\/wp-content\/uploads\/2023\/09\/Love-1-731x1024.jpg\" alt=\"\" class=\"wp-image-421\" srcset=\"https:\/\/zoebourhis.com\/wp-content\/uploads\/2023\/09\/Love-1-731x1024.jpg 731w, https:\/\/zoebourhis.com\/wp-content\/uploads\/2023\/09\/Love-1-214x300.jpg 214w, https:\/\/zoebourhis.com\/wp-content\/uploads\/2023\/09\/Love-1-768x1075.jpg 768w, https:\/\/zoebourhis.com\/wp-content\/uploads\/2023\/09\/Love-1-1097x1536.jpg 1097w, https:\/\/zoebourhis.com\/wp-content\/uploads\/2023\/09\/Love-1-1463x2048.jpg 1463w, https:\/\/zoebourhis.com\/wp-content\/uploads\/2023\/09\/Love-1-scaled.jpg 1829w\" sizes=\"(max-width: 731px) 100vw, 731px\" \/><\/figure>\n<\/figure>\n\n\n\n<div class=\"wp-block-columns is-layout-flex wp-container-27 wp-block-columns-is-layout-flex\">\n<div class=\"wp-block-column is-layout-flow wp-block-column-is-layout-flow\">\n<figure class=\"wp-block-gallery has-nested-images columns-default is-cropped wp-block-gallery-21 is-layout-flex wp-block-gallery-is-layout-flex\">\n<figure class=\"wp-block-image size-large\"><img decoding=\"async\" loading=\"lazy\" width=\"731\" height=\"1024\" src=\"https:\/\/zoebourhis.com\/wp-content\/uploads\/2023\/09\/Deux-grands-dessins-731x1024.jpg\" alt=\"\" class=\"wp-image-419\" srcset=\"https:\/\/zoebourhis.com\/wp-content\/uploads\/2023\/09\/Deux-grands-dessins-731x1024.jpg 731w, https:\/\/zoebourhis.com\/wp-content\/uploads\/2023\/09\/Deux-grands-dessins-214x300.jpg 214w, https:\/\/zoebourhis.com\/wp-content\/uploads\/2023\/09\/Deux-grands-dessins-768x1075.jpg 768w, https:\/\/zoebourhis.com\/wp-content\/uploads\/2023\/09\/Deux-grands-dessins-1097x1536.jpg 1097w, https:\/\/zoebourhis.com\/wp-content\/uploads\/2023\/09\/Deux-grands-dessins-1462x2048.jpg 1462w, https:\/\/zoebourhis.com\/wp-content\/uploads\/2023\/09\/Deux-grands-dessins-scaled.jpg 1828w\" sizes=\"(max-width: 731px) 100vw, 731px\" \/><\/figure>\n<\/figure>\n<\/div>\n\n\n\n<div class=\"wp-block-column is-layout-flow wp-block-column-is-layout-flow\">\n<figure class=\"wp-block-gallery has-nested-images columns-default is-cropped wp-block-gallery-24 is-layout-flex wp-block-gallery-is-layout-flex\">\n<figure class=\"wp-block-image size-large\"><img decoding=\"async\" loading=\"lazy\" width=\"731\" height=\"1024\" src=\"https:\/\/zoebourhis.com\/wp-content\/uploads\/2023\/09\/Parasol-5-731x1024.jpg\" alt=\"\" class=\"wp-image-420\" srcset=\"https:\/\/zoebourhis.com\/wp-content\/uploads\/2023\/09\/Parasol-5-731x1024.jpg 731w, https:\/\/zoebourhis.com\/wp-content\/uploads\/2023\/09\/Parasol-5-214x300.jpg 214w, https:\/\/zoebourhis.com\/wp-content\/uploads\/2023\/09\/Parasol-5-768x1075.jpg 768w, https:\/\/zoebourhis.com\/wp-content\/uploads\/2023\/09\/Parasol-5-1097x1536.jpg 1097w, https:\/\/zoebourhis.com\/wp-content\/uploads\/2023\/09\/Parasol-5-1463x2048.jpg 1463w, https:\/\/zoebourhis.com\/wp-content\/uploads\/2023\/09\/Parasol-5-scaled.jpg 1829w\" sizes=\"(max-width: 731px) 100vw, 731px\" \/><\/figure>\n<\/figure>\n<\/div>\n<\/div>\n\n\n\n<div class=\"wp-block-group has-global-padding is-layout-constrained wp-block-group-is-layout-constrained\">\n<div class=\"wp-block-columns is-layout-flex wp-container-33 wp-block-columns-is-layout-flex\">\n<div class=\"wp-block-column is-layout-flow wp-block-column-is-layout-flow\" style=\"flex-basis:100%\">\n<div class=\"wp-block-columns is-layout-flex wp-container-31 wp-block-columns-is-layout-flex\">\n<div class=\"wp-block-column is-layout-flow wp-block-column-is-layout-flow\">\n<figure class=\"wp-block-gallery has-nested-images columns-default is-cropped wp-block-gallery-28 is-layout-flex wp-block-gallery-is-layout-flex\">\n<figure class=\"wp-block-image size-large\"><img decoding=\"async\" loading=\"lazy\" width=\"1024\" height=\"732\" src=\"https:\/\/zoebourhis.com\/wp-content\/uploads\/2023\/09\/Grande-photo-2-1024x732.jpg\" alt=\"\" class=\"wp-image-428\" srcset=\"https:\/\/zoebourhis.com\/wp-content\/uploads\/2023\/09\/Grande-photo-2-1024x732.jpg 1024w, https:\/\/zoebourhis.com\/wp-content\/uploads\/2023\/09\/Grande-photo-2-300x214.jpg 300w, https:\/\/zoebourhis.com\/wp-content\/uploads\/2023\/09\/Grande-photo-2-768x549.jpg 768w, https:\/\/zoebourhis.com\/wp-content\/uploads\/2023\/09\/Grande-photo-2-1536x1097.jpg 1536w, https:\/\/zoebourhis.com\/wp-content\/uploads\/2023\/09\/Grande-photo-2-2048x1463.jpg 2048w\" sizes=\"(max-width: 1024px) 100vw, 1024px\" \/><\/figure>\n<\/figure>\n<\/div>\n<\/div>\n<\/div>\n<\/div>\n<\/div>\n\n\n\n<div class=\"wp-block-columns is-layout-flex wp-container-41 wp-block-columns-is-layout-flex\">\n<div class=\"wp-block-column is-layout-flow wp-block-column-is-layout-flow\">\n<figure class=\"wp-block-gallery has-nested-images columns-default is-cropped wp-block-gallery-35 is-layout-flex wp-block-gallery-is-layout-flex\">\n<figure class=\"wp-block-image size-large\"><img decoding=\"async\" loading=\"lazy\" width=\"1024\" height=\"731\" src=\"https:\/\/zoebourhis.com\/wp-content\/uploads\/2023\/09\/111-bleu-et-noir-bis-1-1024x731.jpg\" alt=\"\" class=\"wp-image-366\" srcset=\"https:\/\/zoebourhis.com\/wp-content\/uploads\/2023\/09\/111-bleu-et-noir-bis-1-1024x731.jpg 1024w, https:\/\/zoebourhis.com\/wp-content\/uploads\/2023\/09\/111-bleu-et-noir-bis-1-300x214.jpg 300w, https:\/\/zoebourhis.com\/wp-content\/uploads\/2023\/09\/111-bleu-et-noir-bis-1-768x548.jpg 768w, https:\/\/zoebourhis.com\/wp-content\/uploads\/2023\/09\/111-bleu-et-noir-bis-1-1536x1097.jpg 1536w, https:\/\/zoebourhis.com\/wp-content\/uploads\/2023\/09\/111-bleu-et-noir-bis-1-2048x1463.jpg 2048w\" sizes=\"(max-width: 1024px) 100vw, 1024px\" \/><\/figure>\n<\/figure>\n<\/div>\n\n\n\n<div class=\"wp-block-column is-layout-flow wp-block-column-is-layout-flow\">\n<figure class=\"wp-block-gallery has-nested-images columns-default is-cropped wp-block-gallery-38 is-layout-flex wp-block-gallery-is-layout-flex\">\n<figure class=\"wp-block-image size-large\"><img decoding=\"async\" loading=\"lazy\" width=\"1024\" height=\"731\" src=\"https:\/\/zoebourhis.com\/wp-content\/uploads\/2023\/09\/111-orange-et-noir-1024x731.jpg\" alt=\"\" class=\"wp-image-367\" srcset=\"https:\/\/zoebourhis.com\/wp-content\/uploads\/2023\/09\/111-orange-et-noir-1024x731.jpg 1024w, https:\/\/zoebourhis.com\/wp-content\/uploads\/2023\/09\/111-orange-et-noir-300x214.jpg 300w, https:\/\/zoebourhis.com\/wp-content\/uploads\/2023\/09\/111-orange-et-noir-768x549.jpg 768w, https:\/\/zoebourhis.com\/wp-content\/uploads\/2023\/09\/111-orange-et-noir-1536x1097.jpg 1536w, https:\/\/zoebourhis.com\/wp-content\/uploads\/2023\/09\/111-orange-et-noir-2048x1463.jpg 2048w\" sizes=\"(max-width: 1024px) 100vw, 1024px\" \/><\/figure>\n<\/figure>\n<\/div>\n<\/div>\n\n\n\n<div class=\"wp-block-columns is-layout-flex wp-container-48 wp-block-columns-is-layout-flex\">\n<div class=\"wp-block-column is-layout-flow wp-block-column-is-layout-flow\">\n<figure class=\"wp-block-gallery has-nested-images columns-default is-cropped wp-block-gallery-42 is-layout-flex wp-block-gallery-is-layout-flex\">\n<figure class=\"wp-block-image size-large\"><img decoding=\"async\" loading=\"lazy\" width=\"1024\" height=\"732\" src=\"https:\/\/zoebourhis.com\/wp-content\/uploads\/2023\/09\/111-jaune-et-noir-1024x732.jpg\" alt=\"\" class=\"wp-image-368\" srcset=\"https:\/\/zoebourhis.com\/wp-content\/uploads\/2023\/09\/111-jaune-et-noir-1024x732.jpg 1024w, https:\/\/zoebourhis.com\/wp-content\/uploads\/2023\/09\/111-jaune-et-noir-300x214.jpg 300w, https:\/\/zoebourhis.com\/wp-content\/uploads\/2023\/09\/111-jaune-et-noir-768x549.jpg 768w, https:\/\/zoebourhis.com\/wp-content\/uploads\/2023\/09\/111-jaune-et-noir-1536x1097.jpg 1536w, https:\/\/zoebourhis.com\/wp-content\/uploads\/2023\/09\/111-jaune-et-noir-2048x1463.jpg 2048w\" sizes=\"(max-width: 1024px) 100vw, 1024px\" \/><\/figure>\n<\/figure>\n<\/div>\n\n\n\n<div class=\"wp-block-column is-layout-flow wp-block-column-is-layout-flow\">\n<figure class=\"wp-block-gallery has-nested-images columns-default is-cropped wp-block-gallery-45 is-layout-flex wp-block-gallery-is-layout-flex\">\n<figure class=\"wp-block-image size-large\"><img decoding=\"async\" loading=\"lazy\" width=\"1024\" height=\"731\" src=\"https:\/\/zoebourhis.com\/wp-content\/uploads\/2023\/09\/111-vert-et-noir-1024x731.jpg\" alt=\"\" class=\"wp-image-370\" srcset=\"https:\/\/zoebourhis.com\/wp-content\/uploads\/2023\/09\/111-vert-et-noir-1024x731.jpg 1024w, https:\/\/zoebourhis.com\/wp-content\/uploads\/2023\/09\/111-vert-et-noir-300x214.jpg 300w, https:\/\/zoebourhis.com\/wp-content\/uploads\/2023\/09\/111-vert-et-noir-768x549.jpg 768w, https:\/\/zoebourhis.com\/wp-content\/uploads\/2023\/09\/111-vert-et-noir-1536x1097.jpg 1536w, https:\/\/zoebourhis.com\/wp-content\/uploads\/2023\/09\/111-vert-et-noir-2048x1463.jpg 2048w\" sizes=\"(max-width: 1024px) 100vw, 1024px\" \/><\/figure>\n<\/figure>\n<\/div>\n<\/div>\n","protected":false},"excerpt":{"rendered":"<p>Les illustrations ci-dessous sont des exemplaires originaux. Ils sont r\u00e9alis\u00e9s \u00e0 l&#8217;encre de chine et au stylo noir sur un papier aquarelle 300g. Ils sont ensuite mis en valeur par des cadres de seconde main nettoy\u00e9s et remis \u00e0 neuf. D&#8217;avantage de photographies d&#8217;informations sur les tableaux sont visibles en ligne via ma boutique Etsy: [&hellip;]<\/p>\n","protected":false},"author":1,"featured_media":0,"parent":2,"menu_order":2,"comment_status":"closed","ping_status":"closed","template":"","meta":{"footnotes":""},"_links":{"self":[{"href":"https:\/\/zoebourhis.com\/index.php\/wp-json\/wp\/v2\/pages\/92"}],"collection":[{"href":"https:\/\/zoebourhis.com\/index.php\/wp-json\/wp\/v2\/pages"}],"about":[{"href":"https:\/\/zoebourhis.com\/index.php\/wp-json\/wp\/v2\/types\/page"}],"author":[{"embeddable":true,"href":"https:\/\/zoebourhis.com\/index.php\/wp-json\/wp\/v2\/users\/1"}],"replies":[{"embeddable":true,"href":"https:\/\/zoebourhis.com\/index.php\/wp-json\/wp\/v2\/comments?post=92"}],"version-history":[{"count":6,"href":"https:\/\/zoebourhis.com\/index.php\/wp-json\/wp\/v2\/pages\/92\/revisions"}],"predecessor-version":[{"id":431,"href":"https:\/\/zoebourhis.com\/index.php\/wp-json\/wp\/v2\/pages\/92\/revisions\/431"}],"up":[{"embeddable":true,"href":"https:\/\/zoebourhis.com\/index.php\/wp-json\/wp\/v2\/pages\/2"}],"wp:attachment":[{"href":"https:\/\/zoebourhis.com\/index.php\/wp-json\/wp\/v2\/media?parent=92"}],"curies":[{"name":"wp","href":"https:\/\/api.w.org\/{rel}","templated":true}]}}