{"id":94,"date":"2023-06-07T13:50:26","date_gmt":"2023-06-07T11:50:26","guid":{"rendered":"https:\/\/zoebourhis.com\/?page_id=94"},"modified":"2023-09-21T12:41:02","modified_gmt":"2023-09-21T10:41:02","slug":"commandes-personnalisees","status":"publish","type":"page","link":"https:\/\/zoebourhis.com\/index.php\/page-d-exemple\/commandes-personnalisees\/","title":{"rendered":"Commandes personnalis\u00e9es"},"content":{"rendered":"\n<p>Vous avez envie d&#8217;une illustration personnalis\u00e9e \u00e0 l&#8217;image de votre famille, votre groupe d&#8217;amis, votre profession ou vos passions? C&#8217;est par ici! Voici quelques exemples de commandes r\u00e9alis\u00e9es et expos\u00e9es chez leurs heureux propri\u00e9taires. <\/p>\n\n\n\n<div style=\"height:30px\" aria-hidden=\"true\" class=\"wp-block-spacer\"><\/div>\n\n\n\n<div class=\"wp-block-columns is-layout-flex wp-container-7 wp-block-columns-is-layout-flex\">\n<div class=\"wp-block-column is-layout-flow wp-block-column-is-layout-flow\">\n<figure class=\"wp-block-gallery has-nested-images columns-default is-cropped wp-block-gallery-1 is-layout-flex wp-block-gallery-is-layout-flex\">\n<figure class=\"wp-block-image size-large\"><img decoding=\"async\" loading=\"lazy\" width=\"768\" height=\"1024\" src=\"https:\/\/zoebourhis.com\/wp-content\/uploads\/2023\/06\/IMG-0418-3-768x1024.jpg\" alt=\"\" class=\"wp-image-280\" srcset=\"https:\/\/zoebourhis.com\/wp-content\/uploads\/2023\/06\/IMG-0418-3-768x1024.jpg 768w, https:\/\/zoebourhis.com\/wp-content\/uploads\/2023\/06\/IMG-0418-3-225x300.jpg 225w, https:\/\/zoebourhis.com\/wp-content\/uploads\/2023\/06\/IMG-0418-3-1152x1536.jpg 1152w, https:\/\/zoebourhis.com\/wp-content\/uploads\/2023\/06\/IMG-0418-3-1536x2048.jpg 1536w, https:\/\/zoebourhis.com\/wp-content\/uploads\/2023\/06\/IMG-0418-3-scaled.jpg 1920w\" sizes=\"(max-width: 768px) 100vw, 768px\" \/><\/figure>\n<\/figure>\n<\/div>\n\n\n\n<div class=\"wp-block-column is-layout-flow wp-block-column-is-layout-flow\">\n<figure class=\"wp-block-gallery has-nested-images columns-default is-cropped wp-block-gallery-4 is-layout-flex wp-block-gallery-is-layout-flex\">\n<figure class=\"wp-block-image size-large\"><img decoding=\"async\" loading=\"lazy\" width=\"768\" height=\"1024\" src=\"https:\/\/zoebourhis.com\/wp-content\/uploads\/2023\/06\/60a71e2b-1e65-414f-a81f-901a322e1282-768x1024.jpg\" alt=\"\" class=\"wp-image-284\" srcset=\"https:\/\/zoebourhis.com\/wp-content\/uploads\/2023\/06\/60a71e2b-1e65-414f-a81f-901a322e1282-768x1024.jpg 768w, https:\/\/zoebourhis.com\/wp-content\/uploads\/2023\/06\/60a71e2b-1e65-414f-a81f-901a322e1282-225x300.jpg 225w, https:\/\/zoebourhis.com\/wp-content\/uploads\/2023\/06\/60a71e2b-1e65-414f-a81f-901a322e1282-1152x1536.jpg 1152w, https:\/\/zoebourhis.com\/wp-content\/uploads\/2023\/06\/60a71e2b-1e65-414f-a81f-901a322e1282.jpg 1200w\" sizes=\"(max-width: 768px) 100vw, 768px\" \/><\/figure>\n<\/figure>\n<\/div>\n<\/div>\n\n\n\n<div class=\"wp-block-columns is-layout-flex wp-container-14 wp-block-columns-is-layout-flex\">\n<div class=\"wp-block-column is-layout-flow wp-block-column-is-layout-flow\">\n<figure class=\"wp-block-gallery has-nested-images columns-default is-cropped wp-block-gallery-8 is-layout-flex wp-block-gallery-is-layout-flex\">\n<figure class=\"wp-block-image size-large\"><img decoding=\"async\" loading=\"lazy\" width=\"768\" height=\"1024\" src=\"https:\/\/zoebourhis.com\/wp-content\/uploads\/2023\/06\/Cadres-etape4-1-768x1024.jpg\" alt=\"\" class=\"wp-image-281\" srcset=\"https:\/\/zoebourhis.com\/wp-content\/uploads\/2023\/06\/Cadres-etape4-1-768x1024.jpg 768w, https:\/\/zoebourhis.com\/wp-content\/uploads\/2023\/06\/Cadres-etape4-1-225x300.jpg 225w, https:\/\/zoebourhis.com\/wp-content\/uploads\/2023\/06\/Cadres-etape4-1-1152x1536.jpg 1152w, https:\/\/zoebourhis.com\/wp-content\/uploads\/2023\/06\/Cadres-etape4-1-1536x2048.jpg 1536w, https:\/\/zoebourhis.com\/wp-content\/uploads\/2023\/06\/Cadres-etape4-1-scaled.jpg 1920w\" sizes=\"(max-width: 768px) 100vw, 768px\" \/><\/figure>\n<\/figure>\n<\/div>\n\n\n\n<div class=\"wp-block-column is-layout-flow wp-block-column-is-layout-flow\">\n<figure class=\"wp-block-gallery has-nested-images columns-default is-cropped wp-block-gallery-11 is-layout-flex wp-block-gallery-is-layout-flex\">\n<figure class=\"wp-block-image size-large\"><img decoding=\"async\" loading=\"lazy\" width=\"768\" height=\"1024\" src=\"https:\/\/zoebourhis.com\/wp-content\/uploads\/2023\/06\/IMG-8050-768x1024.jpg\" alt=\"\" class=\"wp-image-285\" srcset=\"https:\/\/zoebourhis.com\/wp-content\/uploads\/2023\/06\/IMG-8050-768x1024.jpg 768w, https:\/\/zoebourhis.com\/wp-content\/uploads\/2023\/06\/IMG-8050-225x300.jpg 225w, https:\/\/zoebourhis.com\/wp-content\/uploads\/2023\/06\/IMG-8050-1152x1536.jpg 1152w, https:\/\/zoebourhis.com\/wp-content\/uploads\/2023\/06\/IMG-8050-1536x2048.jpg 1536w, https:\/\/zoebourhis.com\/wp-content\/uploads\/2023\/06\/IMG-8050-scaled.jpg 1920w\" sizes=\"(max-width: 768px) 100vw, 768px\" \/><\/figure>\n<\/figure>\n<\/div>\n<\/div>\n\n\n\n<figure class=\"wp-block-gallery has-nested-images columns-default is-cropped wp-block-gallery-15 is-layout-flex wp-block-gallery-is-layout-flex\">\n<figure class=\"wp-block-image size-large\"><img decoding=\"async\" loading=\"lazy\" width=\"610\" height=\"906\" data-id=\"446\" src=\"https:\/\/zoebourhis.com\/wp-content\/uploads\/2023\/09\/Dessine-ma-famille_page-0001-1.jpg\" alt=\"\" class=\"wp-image-446\" srcset=\"https:\/\/zoebourhis.com\/wp-content\/uploads\/2023\/09\/Dessine-ma-famille_page-0001-1.jpg 610w, https:\/\/zoebourhis.com\/wp-content\/uploads\/2023\/09\/Dessine-ma-famille_page-0001-1-202x300.jpg 202w\" sizes=\"(max-width: 610px) 100vw, 610px\" \/><\/figure>\n<\/figure>\n\n\n\n<div class=\"wp-block-columns is-layout-flex wp-container-18 wp-block-columns-is-layout-flex\">\n<div class=\"wp-block-column is-layout-flow wp-block-column-is-layout-flow\">\n<p>Pour tout projet de commande, contactez moi par mail : zoebourhis67@gmail.com ou par t\u00e9l\u00e9phone au : 0608882347. <\/p>\n\n\n\n<p>Tarif pour une commande personnalis\u00e9e comprenant un cadre upcycl\u00e9 : <\/p>\n\n\n\n<ul>\n<li>Format A5 (14,8x21cm) : 50 euros<\/li>\n\n\n\n<li>Format A4 (21&#215;29,7cm) : 100 euros<\/li>\n\n\n\n<li>Format A3 (29,7x42cm) : 150 euros<\/li>\n<\/ul>\n<\/div>\n<\/div>\n\n\n\n<div style=\"height:100px\" aria-hidden=\"true\" class=\"wp-block-spacer\"><\/div>\n","protected":false},"excerpt":{"rendered":"<p>Vous avez envie d&#8217;une illustration personnalis\u00e9e \u00e0 l&#8217;image de votre famille, votre groupe d&#8217;amis, votre profession ou vos passions? C&#8217;est par ici! Voici quelques exemples de commandes r\u00e9alis\u00e9es et expos\u00e9es chez leurs heureux propri\u00e9taires. Pour tout projet de commande, contactez moi par mail : zoebourhis67@gmail.com ou par t\u00e9l\u00e9phone au : 0608882347. Tarif pour une commande [&hellip;]<\/p>\n","protected":false},"author":1,"featured_media":0,"parent":2,"menu_order":3,"comment_status":"closed","ping_status":"closed","template":"","meta":{"footnotes":""},"_links":{"self":[{"href":"https:\/\/zoebourhis.com\/index.php\/wp-json\/wp\/v2\/pages\/94"}],"collection":[{"href":"https:\/\/zoebourhis.com\/index.php\/wp-json\/wp\/v2\/pages"}],"about":[{"href":"https:\/\/zoebourhis.com\/index.php\/wp-json\/wp\/v2\/types\/page"}],"author":[{"embeddable":true,"href":"https:\/\/zoebourhis.com\/index.php\/wp-json\/wp\/v2\/users\/1"}],"replies":[{"embeddable":true,"href":"https:\/\/zoebourhis.com\/index.php\/wp-json\/wp\/v2\/comments?post=94"}],"version-history":[{"count":6,"href":"https:\/\/zoebourhis.com\/index.php\/wp-json\/wp\/v2\/pages\/94\/revisions"}],"predecessor-version":[{"id":447,"href":"https:\/\/zoebourhis.com\/index.php\/wp-json\/wp\/v2\/pages\/94\/revisions\/447"}],"up":[{"embeddable":true,"href":"https:\/\/zoebourhis.com\/index.php\/wp-json\/wp\/v2\/pages\/2"}],"wp:attachment":[{"href":"https:\/\/zoebourhis.com\/index.php\/wp-json\/wp\/v2\/media?parent=94"}],"curies":[{"name":"wp","href":"https:\/\/api.w.org\/{rel}","templated":true}]}}